{"id":5383,"date":"2024-12-12T10:07:33","date_gmt":"2024-12-12T09:07:33","guid":{"rendered":"https:\/\/pellisarafols.com\/accesibilidad\/"},"modified":"2025-01-08T09:06:18","modified_gmt":"2025-01-08T08:06:18","slug":"accesibilidad","status":"publish","type":"page","link":"https:\/\/pellisarafols.com\/es\/accesibilidad","title":{"rendered":"Accesibilidad"},"content":{"rendered":"\n<p>Pellisa R\u00e0fols, SL se compromete a que el sitio <a href=\"https:\/\/pellisarafols.com\/\">https:\/\/pellisarafols.com\/<\/a> web sea accesible para todos los usuarios, incluyendo a personas con discapacidades. Estamos comprometidos a garantizar que nuestro sitio web cumpla con las pautas de accesibilidad web de nivel AA de la WCAG 2.1.<\/p>\n\n<h2 class=\"wp-block-heading\">Situaci\u00f3n de cumplimiento<\/h2>\n\n<p>Las Pautas de Accesibilidad para el Contenido Web (WCAG) definen los requisitos para dise\u00f1adores y desarrolladores para mejorar la accesibilidad para personas con discapacidad. Se definen tres niveles de conformidad: Nivel A, Nivel AA y Nivel AAA. <a href=\"https:\/\/pellisarafols.com\/%C2%A0\">https:\/\/pellisarafols.com\/<\/a> cumple parcialmente con WCAG 2.1 Nivel AA. Parcialmente conforme significa que algunas partes del contenido no cumplen por completo el est\u00e1ndar de accesibilidad.<\/p>\n\n<h2 class=\"wp-block-heading\">Contenido no accesible  <\/h2>\n\n<p>Podr\u00edan existir documentos ofim\u00e1ticos en PDF y otros formatos que no cumplan totalmente los requisitos de accesibilidad. Pueden solicitarse los documentos completamente accesibles desde el formulario de contacto.<\/p>\n\n<p>Podr\u00edan existir errores de c\u00f3digo puntuales de edici\u00f3n en alguna p\u00e1gina web.<\/p>\n\n<h2 class=\"wp-block-heading\">Feedback<\/h2>\n\n<p>Estamos comprometidos a seguir mejorando la accesibilidad de nuestro sitio web para garantizar que sea accesible a todos. Si tienes alguna pregunta o sugerencia, por favor cont\u00e1ctanos.<\/p>\n\n<p>Firma: Pellisa R\u00e0fols, SL<br\/>Fecha:12\/12\/2024<\/p>\n","protected":false},"excerpt":{"rendered":"<p>Pellisa R\u00e0fols, SL se compromete a que el sitio https:\/\/pellisarafols.com\/ web sea accesible para todos los usuarios, incluyendo a personas con discapacidades. Estamos comprometidos a garantizar que nuestro sitio web cumpla con las pautas de accesibilidad web de nivel AA de la WCAG 2.1. Situaci\u00f3n de cumplimiento Las Pautas de Accesibilidad para el Contenido Web [&hellip;]<\/p>\n","protected":false},"author":1,"featured_media":0,"parent":0,"menu_order":0,"comment_status":"closed","ping_status":"closed","template":"","meta":{"_et_pb_use_builder":"off","_et_pb_old_content":"","_et_gb_content_width":"","footnotes":""},"class_list":["post-5383","page","type-page","status-publish","hentry"],"_links":{"self":[{"href":"https:\/\/pellisarafols.com\/es\/wp-json\/wp\/v2\/pages\/5383","targetHints":{"allow":["GET"]}}],"collection":[{"href":"https:\/\/pellisarafols.com\/es\/wp-json\/wp\/v2\/pages"}],"about":[{"href":"https:\/\/pellisarafols.com\/es\/wp-json\/wp\/v2\/types\/page"}],"author":[{"embeddable":true,"href":"https:\/\/pellisarafols.com\/es\/wp-json\/wp\/v2\/users\/1"}],"replies":[{"embeddable":true,"href":"https:\/\/pellisarafols.com\/es\/wp-json\/wp\/v2\/comments?post=5383"}],"version-history":[{"count":1,"href":"https:\/\/pellisarafols.com\/es\/wp-json\/wp\/v2\/pages\/5383\/revisions"}],"predecessor-version":[{"id":5384,"href":"https:\/\/pellisarafols.com\/es\/wp-json\/wp\/v2\/pages\/5383\/revisions\/5384"}],"wp:attachment":[{"href":"https:\/\/pellisarafols.com\/es\/wp-json\/wp\/v2\/media?parent=5383"}],"curies":[{"name":"wp","href":"https:\/\/api.w.org\/{rel}","templated":true}]}}