{"id":5399,"date":"2024-12-10T10:28:54","date_gmt":"2024-12-10T08:28:54","guid":{"rendered":"https:\/\/pellisarafols.com\/nosotros\/"},"modified":"2025-06-27T10:00:39","modified_gmt":"2025-06-27T08:00:39","slug":"nosotros","status":"publish","type":"page","link":"https:\/\/pellisarafols.com\/es\/nosotros","title":{"rendered":"Historia"},"content":{"rendered":"<p>[et_pb_section fb_built=\u00bb1&#8243; _builder_version=\u00bb4.27.4&#8243; _module_preset=\u00bbdefault\u00bb background_color=\u00bb#FFD900&#8243; custom_padding=\u00bb30px||30px||true|false\u00bb locked=\u00bboff\u00bb global_colors_info=\u00bb{}\u00bb][et_pb_row column_structure=\u00bb3_5,2_5&#8243; _builder_version=\u00bb4.27.4&#8243; _module_preset=\u00bbdefault\u00bb global_colors_info=\u00bb{}\u00bb][et_pb_column type=\u00bb3_5&#8243; _builder_version=\u00bb4.27.4&#8243; _module_preset=\u00bbdefault\u00bb global_colors_info=\u00bb{}\u00bb][et_pb_cta title=\u00bbPELLISA R\u00c0FOLS\u00bb _builder_version=\u00bb4.27.4&#8243; _module_preset=\u00bbeebdd773-40e1-4691-a0c7-478459a86747&#8243; global_colors_info=\u00bb{}\u00bb]Somos una empresa familiar con una larga trayectoria de m\u00e1s de 65 a\u00f1os, que ha sabido evolucionar para adaptarse continuamente a las necesidades de los clientes y a los cambios del mercado.[\/et_pb_cta][\/et_pb_column][et_pb_column type=\u00bb2_5&#8243; _builder_version=\u00bb4.27.4&#8243; _module_preset=\u00bbdefault\u00bb global_colors_info=\u00bb{}\u00bb][\/et_pb_column][\/et_pb_row][\/et_pb_section][et_pb_section fb_built=\u00bb1&#8243; _builder_version=\u00bb4.27.4&#8243; _module_preset=\u00bbdefault\u00bb global_colors_info=\u00bb{}\u00bb][et_pb_row _builder_version=\u00bb4.27.4&#8243; _module_preset=\u00bbdefault\u00bb global_colors_info=\u00bb{}\u00bb][et_pb_column type=\u00bb4_4&#8243; _builder_version=\u00bb4.27.4&#8243; _module_preset=\u00bbdefault\u00bb global_colors_info=\u00bb{}\u00bb][dipi_timeline start_position=\u00bbright\u00bb timeline_line_color=\u00bb#575757&#8243; timeline_active_line_color=\u00bb#FFD900&#8243; _builder_version=\u00bb4.27.4&#8243; _module_preset=\u00bbdefault\u00bb hover_enabled=\u00bb0&#8243; global_colors_info=\u00bb{}\u00bb sticky_enabled=\u00bb0&#8243;][dipi_timeline_item ribbon=\u00bbA\u00f1os 50&#8243; title=\u00bbLos inicios de Pellisa R\u00e0fols\u00bb image=\u00bbhttps:\/\/pellisarafols.com\/wp-content\/uploads\/2025\/05\/Disseny-sense-titol-1.jpg\u00bb _builder_version=\u00bb4.27.4&#8243; _module_preset=\u00bbdefault\u00bb header_level=\u00bbh2&#8243; hover_enabled=\u00bb0&#8243; global_colors_info=\u00bb{}\u00bb title_text=\u00bbEls inicis de Pellisa Rafols\u00bb sticky_enabled=\u00bb0&#8243;]<\/p>\n<p>Los inicios se remontan a los a\u00f1os 50, pero todo comienza realmente poco antes, justo despu\u00e9s de la Guerra Civil. Fue entonces cuando Ignasi Pellisa se march\u00f3 a Francia, donde aprendi\u00f3 t\u00e9cnicas innovadoras de chapa y pintura, que se convertir\u00edan en la base del futuro negocio.<\/p>\n<p>[\/dipi_timeline_item][dipi_timeline_item ribbon=\u00bbA\u00f1os 60&#8243; title=\u00bbEl a\u00f1o 1955&#8243; image=\u00bbhttps:\/\/pellisarafols.com\/wp-content\/uploads\/2025\/05\/2.jpg\u00bb _builder_version=\u00bb4.27.4&#8243; _module_preset=\u00bbdefault\u00bb header_level=\u00bbh2&#8243; hover_enabled=\u00bb0&#8243; global_colors_info=\u00bb{}\u00bb title_text=\u00bbAny 1955&#8243; sticky_enabled=\u00bb0&#8243;]<\/p>\n<p>Ignasi Pellisa regres\u00f3 a Catalu\u00f1a y comenz\u00f3 trabajando como pintor asalariado. Su manera de trabajar, innovadora en aquel momento, tuvo muy buena acogida por los excelentes resultados, impuls\u00e1ndolo a crear su propio negocio. As\u00ed, en 1959 naci\u00f3 Pellisa en Vilafranca del Pened\u00e8s, centrada inicialmente en la pintura de veh\u00edculos.<\/p>\n<p>[\/dipi_timeline_item][dipi_timeline_item ribbon=\u00bbA\u00f1os 70&#8243; title=\u00bbEn 1970&#8243; image=\u00bbhttps:\/\/pellisarafols.com\/wp-content\/uploads\/2025\/05\/3.jpg\u00bb _builder_version=\u00bb4.27.4&#8243; _module_preset=\u00bbdefault\u00bb header_level=\u00bbh2&#8243; global_colors_info=\u00bb{}\u00bb]<\/p>\n<p>La incorporaci\u00f3n de la planchister\u00eda en los a\u00f1os 70 reforz\u00f3 a\u00fan m\u00e1s el negocio, con lo cual Ignasi Pellisa se convirti\u00f3 en un referente en la comarca. Hacia 1972 ya contaba con seis personas trabajando, entre ellas los hijos de Ignasi, Francesc y Jaume Pellisa, y Joan R\u00e0fols, quien aportar\u00eda m\u00e1s adelante el segundo apellido a la empresa. Tambi\u00e9n se iniciaron nuevos servicios como la pintura de r\u00f3tulos a mano y la instalaci\u00f3n innovadora de techos solares en los veh\u00edculos.<\/p>\n<p>[\/dipi_timeline_item][dipi_timeline_item ribbon=\u00bbA\u00f1os 80&#8243; title=\u00bbEl a\u00f1o 1986&#8243; image=\u00bbhttps:\/\/pellisarafols.com\/wp-content\/uploads\/2025\/05\/4.jpg\u00bb _builder_version=\u00bb4.27.4&#8243; _module_preset=\u00bbdefault\u00bb header_level=\u00bbh2&#8243; global_colors_info=\u00bb{}\u00bb]<\/p>\n<p>En 1986, la incorporaci\u00f3n de un pl\u00f3ter de corte permiti\u00f3 abandonar progresivamente la pintura manual en favor de los adhesivos, transformando radicalmente la manera de trabajar. En 1988 se formaliz\u00f3 la sociedad Pellisa R\u00e0fols y se construy\u00f3 una nueva nave de m\u00e1s de 3.000 m\u00b2 en la carretera de Moja, donde actualmente se concentran nuestras actividades de planchister\u00eda, pintura, cerrajer\u00eda y rotulaci\u00f3n.<\/p>\n<p>[\/dipi_timeline_item][dipi_timeline_item ribbon=\u00bbA\u00f1os 90&#8243; title=\u00bbExpansi\u00f3n y especializaci\u00f3n\u00bb image=\u00bbhttps:\/\/pellisarafols.com\/wp-content\/uploads\/2025\/05\/5.jpg\u00bb _builder_version=\u00bb4.27.4&#8243; _module_preset=\u00bbdefault\u00bb header_level=\u00bbh2&#8243; global_colors_info=\u00bb{}\u00bb]<\/p>\n<p>Durante los a\u00f1os siguientes, apostamos por maquinaria avanzada, creamos un departamento espec\u00edfico para rotulaci\u00f3n e instalamos cabinas de pintura para veh\u00edculos de gran tonelaje. En 1989 abrimos una sucursal especializada en adhesivos en Sant Sadurn\u00ed, llamada \u201cTot lletres\u201d, lo que consolid\u00f3 nuestra dedicaci\u00f3n al mundo de la rotulaci\u00f3n. Esta sede se traslad\u00f3 posteriormente a Vilanova en 1993.<\/p>\n<p>[\/dipi_timeline_item][dipi_timeline_item ribbon=\u00bbSiglo XXI\u00bb title=\u00bbSoluciones innovadoras y futuro\u00bb image=\u00bbhttps:\/\/pellisarafols.com\/wp-content\/uploads\/2025\/05\/6.jpg\u00bb _builder_version=\u00bb4.27.4&#8243; _module_preset=\u00bbdefault\u00bb header_level=\u00bbh2&#8243; global_colors_info=\u00bb{}\u00bb]<\/p>\n<p>Con el paso del tiempo, hemos incorporado tecnolog\u00edas punteras para mantenernos a la vanguardia del sector. Actualmente, el 90% del negocio se dedica a la rotulaci\u00f3n, aunque conservamos el servicio de planchister\u00eda como complemento para proyectos espec\u00edficos.<\/p>\n<ul>\n<li>La empresa ofrece una amplia gama de servicios, incluyendo:<\/li>\n<li>R\u00f3tulos para fachadas, tejados\u2026<\/li>\n<li>R\u00f3tulos corp\u00f3reos, vallas, banderolas y monolitos.<\/li>\n<li>Se\u00f1alizaci\u00f3n, impresi\u00f3n digital y trabajos a medida.<\/li>\n<li>Pintura y rotulaci\u00f3n de todo tipo de veh\u00edculos<\/li>\n<\/ul>\n<p>Con una trayectoria de m\u00e1s de 65 a\u00f1os, Pellisa R\u00e0fols contin\u00faa siendo un referente en el sector, ofreciendo soluciones creativas, tecnol\u00f3gicas y de alta calidad para sus clientes.<\/p>\n<p>[\/dipi_timeline_item][\/dipi_timeline][\/et_pb_column][\/et_pb_row][\/et_pb_section]<\/p>\n","protected":false},"excerpt":{"rendered":"<p>Somos una empresa familiar con una larga trayectoria de m\u00e1s de 65 a\u00f1os, que ha sabido evolucionar para adaptarse continuamente a las necesidades de los clientes y a los cambios del mercado.<div class=\"et_pb_module dipi_timeline dipi_timeline_0\">\n\t\t\t\t\n\t\t\t\t\n\t\t\t\t\n\t\t\t\t\n\t\t\t\t\n\t\t\t\t\n\t\t\t\t<div class=\"et_pb_module_inner\">\n\t\t\t\t\t<div class=\"dipi_timeline_custom_classes dipi_timeline_layout_mixed dipi_timeline_layout_right_tablet dipi_timeline_layout_right_phone startpos-right dipi_timeline_show-card-arrow\">\n        <div class=\"dipi_timeline_container\">\n          <div class=\"dipi-timeline-items\"><\/div>\n          <div class=\"dipi-timeline-line\"><\/div><div class=\"dipi-timeline-line__active\"><\/div>\n        <\/div>\n      <\/div>\n      \n\t\t\t\t<\/div>\n\t\t\t<\/div><div class=\"et_pb_module dipi_timeline_item dipi_timeline_item_0\">\n\t\t\t\t\n\t\t\t\t\n\t\t\t\t\n\t\t\t\t\n\t\t\t\t\n\t\t\t\t\n\t\t\t\t<div class=\"et_pb_module_inner\">\n\t\t\t\t\t<div class=\"dipi_timeline_item_custom_classes dipi_timeline_item_position_top et_pb_bg_layout_ \" data-config=\"{&quot;anim_name&quot;:&quot;fadeIn&quot;,&quot;anim_start_viewport&quot;:&quot;75%&quot;} \">\n        <div class=\"dipi_timeline_item_container\">\n          <div class=\"dipi_timeline_ribbon\"><span class=\"dipi_timeline_ribbon_text\">\u00bbA\u00f1os<\/span><\/div>\n          <div class=\"et_pb_image_wrap ribbon-icon-wrap\"><span class=\"et_pb_icon_wrap\"><span class=\"ribbon-icon ribbon-icon-circle\">L<\/span><\/span><\/div>\n          <div class=\"dipi_timeline_item_card-wrap  need_animation \">\n            <div class=\"dipi_timeline_item_card\">\n              <div class=\"dipi_timeline_item_image\"><span class=\"et_pb_image_wrap\"><img decoding=\"async\" src=\"\" alt=\"\" class=\"et_multi_view_hidden_image \" \/><\/span><\/div>\n              <div class=\"dipi_timeline_item_content\">\n                <div class=\"dipi_timeline_ribbon\"><span class=\"dipi_timeline_ribbon_text\">\u00bbA\u00f1os<\/span><\/div>\n                <div class=\"dipi_timeline_item_content_text\">\n                  <h4 class=\"dipi_timeline_item_header\"><span>\u00bbLos<\/span><\/h4>\n                  \n                <\/div>\n                \n              <\/div> <!-- .dipi_timeline_item_content -->\n            <\/div> <!-- .dipi_timeline_item_card -->\n          <\/div>\n        <\/div>\n      <\/div>\n\t\t\n\t\t\t\t<\/div>\n\t\t\t<\/div><\/p>\n","protected":false},"author":1,"featured_media":0,"parent":0,"menu_order":0,"comment_status":"closed","ping_status":"closed","template":"","meta":{"_et_pb_use_builder":"on","_et_pb_old_content":"","_et_gb_content_width":"","footnotes":""},"class_list":["post-5399","page","type-page","status-publish","hentry"],"_links":{"self":[{"href":"https:\/\/pellisarafols.com\/es\/wp-json\/wp\/v2\/pages\/5399","targetHints":{"allow":["GET"]}}],"collection":[{"href":"https:\/\/pellisarafols.com\/es\/wp-json\/wp\/v2\/pages"}],"about":[{"href":"https:\/\/pellisarafols.com\/es\/wp-json\/wp\/v2\/types\/page"}],"author":[{"embeddable":true,"href":"https:\/\/pellisarafols.com\/es\/wp-json\/wp\/v2\/users\/1"}],"replies":[{"embeddable":true,"href":"https:\/\/pellisarafols.com\/es\/wp-json\/wp\/v2\/comments?post=5399"}],"version-history":[{"count":7,"href":"https:\/\/pellisarafols.com\/es\/wp-json\/wp\/v2\/pages\/5399\/revisions"}],"predecessor-version":[{"id":8025,"href":"https:\/\/pellisarafols.com\/es\/wp-json\/wp\/v2\/pages\/5399\/revisions\/8025"}],"wp:attachment":[{"href":"https:\/\/pellisarafols.com\/es\/wp-json\/wp\/v2\/media?parent=5399"}],"curies":[{"name":"wp","href":"https:\/\/api.w.org\/{rel}","templated":true}]}}