{"id":7788,"date":"2024-12-16T14:01:09","date_gmt":"2024-12-16T12:01:09","guid":{"rendered":"https:\/\/pellisarafols.com\/instalaciones"},"modified":"2025-06-27T10:02:55","modified_gmt":"2025-06-27T08:02:55","slug":"instalaciones","status":"publish","type":"page","link":"https:\/\/pellisarafols.com\/es\/instalaciones","title":{"rendered":"Instalaciones"},"content":{"rendered":"<p>[et_pb_section fb_built=\u00bb1&#8243; _builder_version=\u00bb4.27.4&#8243; _module_preset=\u00bbdefault\u00bb background_color=\u00bb#FFD900&#8243; custom_padding=\u00bb30px||30px||true|false\u00bb locked=\u00bboff\u00bb global_colors_info=\u00bb{}\u00bb][et_pb_row column_structure=\u00bb3_5,2_5&#8243; _builder_version=\u00bb4.27.4&#8243; _module_preset=\u00bbdefault\u00bb global_colors_info=\u00bb{}\u00bb][et_pb_column type=\u00bb3_5&#8243; _builder_version=\u00bb4.27.4&#8243; _module_preset=\u00bbdefault\u00bb global_colors_info=\u00bb{}\u00bb][et_pb_cta title=\u00bbInstalaciones\u00bb button_text=\u00bbClick Here\u00bb _builder_version=\u00bb4.27.4&#8243; _module_preset=\u00bbeebdd773-40e1-4691-a0c7-478459a86747&#8243; global_colors_info=\u00bb{}\u00bb]<\/p>\n<p>Disponemos de <strong>3.000 m\u00b2<\/strong> de instalaciones, contamos con un equipo de profesionales altamente cualificados e integramos las \u00faltimas tecnolog\u00edas para garantizar resultados excelentes.<\/p>\n<p>[\/et_pb_cta][\/et_pb_column][et_pb_column type=\u00bb2_5&#8243; _builder_version=\u00bb4.27.4&#8243; _module_preset=\u00bbdefault\u00bb global_colors_info=\u00bb{}\u00bb][\/et_pb_column][\/et_pb_row][\/et_pb_section][et_pb_section fb_built=\u00bb1&#8243; _builder_version=\u00bb4.27.4&#8243; _module_preset=\u00bbdefault\u00bb global_colors_info=\u00bb{}\u00bb][et_pb_row _builder_version=\u00bb4.27.4&#8243; _module_preset=\u00bbdefault\u00bb global_colors_info=\u00bb{}\u00bb][et_pb_column type=\u00bb4_4&#8243; _builder_version=\u00bb4.27.4&#8243; _module_preset=\u00bbdefault\u00bb global_colors_info=\u00bb{}\u00bb][et_pb_heading title=\u00bbDivisiones de nuestras instalaciones\u00bb _builder_version=\u00bb4.27.4&#8243; _module_preset=\u00bbdefault\u00bb title_level=\u00bbh2&#8243; global_colors_info=\u00bb{}\u00bb][\/et_pb_heading][\/et_pb_column][\/et_pb_row][et_pb_row column_structure=\u00bb1_2,1_2&#8243; _builder_version=\u00bb4.27.4&#8243; _module_preset=\u00bb_initial\u00bb global_colors_info=\u00bb{}\u00bb][et_pb_column type=\u00bb1_2&#8243; _builder_version=\u00bb4.27.4&#8243; _module_preset=\u00bbdefault\u00bb global_colors_info=\u00bb{}\u00bb][et_pb_image src=\u00bbhttps:\/\/pellisarafols.com\/wp-content\/uploads\/2025\/06\/maquinaria-impressio-digital.jpg\u00bb alt=\u00bbmaquinaria impresion digital en las instalaciones de pellisa rafols\u00bb title_text=\u00bbmaquinaria-impresion-digital\u00bb _builder_version=\u00bb4.27.4&#8243; _module_preset=\u00bbdefault\u00bb global_colors_info=\u00bb{}\u00bb][\/et_pb_image][\/et_pb_column][et_pb_column type=\u00bb1_2&#8243; _builder_version=\u00bb4.27.4&#8243; _module_preset=\u00bbdefault\u00bb global_colors_info=\u00bb{}\u00bb][et_pb_cta title=\u00bbImpresi\u00f3n digital\u00bb button_url=\u00bb@ET-DC@eyJkeW5hbWljIjp0cnVlLCJjb250ZW50IjoicG9zdF9saW5rX3VybF9wYWdlIiwic2V0dGluZ3MiOnsicG9zdF9pZCI6IjQ3MzkiLCJlbmFibGVfaHRtbCI6Im9mZiJ9fQ==@\u00bb button_text=\u00bbServicios de impresi\u00f3n digital\u00bb _builder_version=\u00bb4.27.4&#8243; _module_preset=\u00bbdefault\u00bb hover_enabled=\u00bb0&#8243; global_colors_info=\u00bb{}\u00bb _dynamic_attributes=\u00bbbutton_url\u00bb sticky_enabled=\u00bb0&#8243;]<\/p>\n<p>Nuestra maquinaria de \u00faltima generaci\u00f3n nos permite trabajar con formatos de gran anchura. Actualmente disponemos de:<\/p>\n<ul>\n<li>Vinilo<\/li>\n<li>Lonas<\/li>\n<li>Lienzo<\/li>\n<li>Poli\u00e9ster<\/li>\n<\/ul>\n<p>[\/et_pb_cta][\/et_pb_column][\/et_pb_row][et_pb_row column_structure=\u00bb1_2,1_2&#8243; _builder_version=\u00bb4.27.4&#8243; _module_preset=\u00bb_initial\u00bb global_colors_info=\u00bb{}\u00bb][et_pb_column type=\u00bb1_2&#8243; _builder_version=\u00bb4.27.4&#8243; _module_preset=\u00bbdefault\u00bb global_colors_info=\u00bb{}\u00bb][et_pb_cta title=\u00bbFresadora\u00bb button_url=\u00bb@ET-DC@eyJkeW5hbWljIjp0cnVlLCJjb250ZW50IjoicG9zdF9saW5rX3VybF9wYWdlIiwic2V0dGluZ3MiOnsicG9zdF9pZCI6IjQ3NDMiLCJlbmFibGVfaHRtbCI6Im9mZiJ9fQ==@\u00bb button_text=\u00bbServicios de fresadora\u00bb _builder_version=\u00bb4.27.4&#8243; _module_preset=\u00bbdefault\u00bb hover_enabled=\u00bb0&#8243; global_colors_info=\u00bb{}\u00bb _dynamic_attributes=\u00bbbutton_url\u00bb sticky_enabled=\u00bb0&#8243;]<\/p>\n<p>Disponemos de una fresadora de control num\u00e9rico con una superficie de trabajo de <strong>3.000 x 2.000<\/strong> mm, ideal para cortar materiales como:<\/p>\n<ul>\n<li>DM<\/li>\n<li>Foam<\/li>\n<li>Metacrilato<\/li>\n<li>Aluminio<\/li>\n<li>Lat\u00f3n<\/li>\n<\/ul>\n<p>[\/et_pb_cta][\/et_pb_column][et_pb_column type=\u00bb1_2&#8243; _builder_version=\u00bb4.27.4&#8243; _module_preset=\u00bbdefault\u00bb global_colors_info=\u00bb{}\u00bb][et_pb_image src=\u00bbhttps:\/\/pellisarafols.com\/wp-content\/uploads\/2025\/06\/maquinaria-fresadora.jpg\u00bb alt=\u00bbfresadora de pellisa rafols funcionando\u00bb title_text=\u00bbmaquinaria-fresadora\u00bb _builder_version=\u00bb4.27.4&#8243; _module_preset=\u00bbdefault\u00bb global_colors_info=\u00bb{}\u00bb][\/et_pb_image][\/et_pb_column][\/et_pb_row][et_pb_row column_structure=\u00bb1_2,1_2&#8243; _builder_version=\u00bb4.27.4&#8243; _module_preset=\u00bb_initial\u00bb global_colors_info=\u00bb{}\u00bb][et_pb_column type=\u00bb1_2&#8243; _builder_version=\u00bb4.27.4&#8243; _module_preset=\u00bbdefault\u00bb global_colors_info=\u00bb{}\u00bb][et_pb_image src=\u00bbhttps:\/\/pellisarafols.com\/wp-content\/uploads\/2025\/06\/xapa-metallisteria-maquinaria.jpg\u00bb alt=\u00bbmaquinaria de chapa y metalister\u00eda en las instalaciones de pellisa rafols\u00bb title_text=\u00bbchapa-metalister\u00eda-maquinaria\u00bb _builder_version=\u00bb4.27.4&#8243; _module_preset=\u00bbdefault\u00bb global_colors_info=\u00bb{}\u00bb][\/et_pb_image][\/et_pb_column][et_pb_column type=\u00bb1_2&#8243; _builder_version=\u00bb4.27.4&#8243; _module_preset=\u00bbdefault\u00bb global_colors_info=\u00bb{}\u00bb][et_pb_cta title=\u00bbChapa y metalister\u00eda\u00bb button_url=\u00bb@ET-DC@eyJkeW5hbWljIjp0cnVlLCJjb250ZW50IjoicG9zdF9saW5rX3VybF9wYWdlIiwic2V0dGluZ3MiOnsicG9zdF9pZCI6IjQ3MzMiLCJlbmFibGVfaHRtbCI6Im9mZiJ9fQ==@\u00bb button_text=\u00bbServicios de chapa y metalister\u00eda\u00bb _builder_version=\u00bb4.27.4&#8243; _module_preset=\u00bbdefault\u00bb hover_enabled=\u00bb0&#8243; global_colors_info=\u00bb{}\u00bb _dynamic_attributes=\u00bbbutton_url\u00bb sticky_enabled=\u00bb0&#8243;]<\/p>\n<p>Ofrecemos servicios de trabajo con chapa y metales gracias a nuestro equipamiento avanzado, que incluye:<\/p>\n<ul>\n<li>Plegadora y cizalla de corte con control num\u00e9rico hasta <strong>4.000 mm de boca y 10 mm de grosor<\/strong>.<\/li>\n<li>Equipos de soldadura en diversas modalidades (l\u00e1ser, el\u00e9ctrica, TIG, etc.)<\/li>\n<li>Escantonadora, curvadora y sierras de corte para perfiles de hierro, aluminio y otros metales.<\/li>\n<li>Maquinaria de letter bending (para fabricaci\u00f3n de letras corp\u00f3reas).<\/li>\n<\/ul>\n<p>[\/et_pb_cta][\/et_pb_column][\/et_pb_row][et_pb_row column_structure=\u00bb1_2,1_2&#8243; _builder_version=\u00bb4.27.4&#8243; _module_preset=\u00bb_initial\u00bb global_colors_info=\u00bb{}\u00bb][et_pb_column type=\u00bb1_2&#8243; _builder_version=\u00bb4.27.4&#8243; _module_preset=\u00bbdefault\u00bb global_colors_info=\u00bb{}\u00bb][et_pb_cta title=\u00bbIluminaci\u00f3n\u00bb button_url=\u00bb@ET-DC@eyJkeW5hbWljIjp0cnVlLCJjb250ZW50IjoicG9zdF9saW5rX3VybF9wYWdlIiwic2V0dGluZ3MiOnsicG9zdF9pZCI6IjQ3MzciLCJlbmFibGVfaHRtbCI6Im9mZiJ9fQ==@\u00bb button_text=\u00bbServicios de iluminaci\u00f3n\u00bb _builder_version=\u00bb4.27.4&#8243; _module_preset=\u00bbdefault\u00bb hover_enabled=\u00bb0&#8243; global_colors_info=\u00bb{}\u00bb _dynamic_attributes=\u00bbbutton_url\u00bb sticky_enabled=\u00bb0&#8243;]<\/p>\n<p>Instalamos todo tipo de sistemas de iluminaci\u00f3n para r\u00f3tulos y elementos decorativos, incluyendo:<\/p>\n<ul>\n<li>Tecnolog\u00eda LED, con pastillas, tiras, focos, etc., en toda la escala de blancos y RGB.<\/li>\n<li>Ne\u00f3n LED y el cl\u00e1sico ne\u00f3n de vidrio soplado.<\/li>\n<\/ul>\n<p>[\/et_pb_cta][\/et_pb_column][et_pb_column type=\u00bb1_2&#8243; _builder_version=\u00bb4.27.4&#8243; _module_preset=\u00bbdefault\u00bb global_colors_info=\u00bb{}\u00bb][et_pb_image src=\u00bbhttps:\/\/pellisarafols.com\/wp-content\/uploads\/2025\/06\/proces-realitzacio-illuminacio.jpg\u00bb alt=\u00bbconstruccion de cartel iluminado en las instalaciones de pellisa rafols\u00bb title_text=\u00bbproceso-realizacion-iluminacion\u00bb _builder_version=\u00bb4.27.4&#8243; _module_preset=\u00bbdefault\u00bb global_colors_info=\u00bb{}\u00bb][\/et_pb_image][\/et_pb_column][\/et_pb_row][et_pb_row column_structure=\u00bb1_2,1_2&#8243; _builder_version=\u00bb4.27.4&#8243; _module_preset=\u00bb_initial\u00bb global_colors_info=\u00bb{}\u00bb][et_pb_column type=\u00bb1_2&#8243; _builder_version=\u00bb4.27.4&#8243; _module_preset=\u00bbdefault\u00bb global_colors_info=\u00bb{}\u00bb][et_pb_image src=\u00bbhttps:\/\/pellisarafols.com\/wp-content\/uploads\/2025\/06\/Cabina-pintura-pellisa-rafols.jpg\u00bb alt=\u00bbInterior de la cabina de pintura de pellisa rafols\u00bb title_text=\u00bbCabina-pintura-pellisa-rafols\u00bb _builder_version=\u00bb4.27.4&#8243; _module_preset=\u00bbdefault\u00bb global_colors_info=\u00bb{}\u00bb][\/et_pb_image][\/et_pb_column][et_pb_column type=\u00bb1_2&#8243; _builder_version=\u00bb4.27.4&#8243; _module_preset=\u00bbdefault\u00bb global_colors_info=\u00bb{}\u00bb][et_pb_cta title=\u00bbPintura\u00bb button_url=\u00bb@ET-DC@eyJkeW5hbWljIjp0cnVlLCJjb250ZW50IjoicG9zdF9saW5rX3VybF9wYWdlIiwic2V0dGluZ3MiOnsicG9zdF9pZCI6IjU2NjkiLCJlbmFibGVfaHRtbCI6Im9mZiJ9fQ==@\u00bb button_text=\u00bbServicios de pintura\u00bb _builder_version=\u00bb4.27.4&#8243; _module_preset=\u00bbdefault\u00bb hover_enabled=\u00bb0&#8243; global_colors_info=\u00bb{}\u00bb _dynamic_attributes=\u00bbbutton_url\u00bb sticky_enabled=\u00bb0&#8243;]<\/p>\n<p>Nuestras instalaciones est\u00e1n equipadas para trabajos de pintura y secado al horno en r\u00f3tulos, veh\u00edculos y aplicaciones industriales. Disponemos de:<\/p>\n<ul>\n<li>Cabina de pintura para autom\u00f3viles.<\/li>\n<li>Cabina doble de pintura para autocares, caravanas y camiones de grandes dimensiones: 14 x 4 x 5 metros.<\/li>\n<\/ul>\n<p>[\/et_pb_cta][\/et_pb_column][\/et_pb_row][\/et_pb_section]<\/p>\n","protected":false},"excerpt":{"rendered":"<p>Disponemos de 3.000 m\u00b2 de instalaciones, contamos con un equipo de profesionales altamente cualificados e integramos las \u00faltimas tecnolog\u00edas para garantizar resultados excelentes.Nuestra maquinaria de \u00faltima generaci\u00f3n nos permite trabajar con formatos de gran anchura. Actualmente disponemos de: Vinilo Lonas Lienzo Poli\u00e9ster Disponemos de una fresadora de control num\u00e9rico con una superficie de trabajo de [&hellip;]<\/p>\n","protected":false},"author":1,"featured_media":0,"parent":0,"menu_order":0,"comment_status":"closed","ping_status":"closed","template":"","meta":{"_et_pb_use_builder":"on","_et_pb_old_content":"","_et_gb_content_width":"","footnotes":""},"class_list":["post-7788","page","type-page","status-publish","hentry"],"_links":{"self":[{"href":"https:\/\/pellisarafols.com\/es\/wp-json\/wp\/v2\/pages\/7788","targetHints":{"allow":["GET"]}}],"collection":[{"href":"https:\/\/pellisarafols.com\/es\/wp-json\/wp\/v2\/pages"}],"about":[{"href":"https:\/\/pellisarafols.com\/es\/wp-json\/wp\/v2\/types\/page"}],"author":[{"embeddable":true,"href":"https:\/\/pellisarafols.com\/es\/wp-json\/wp\/v2\/users\/1"}],"replies":[{"embeddable":true,"href":"https:\/\/pellisarafols.com\/es\/wp-json\/wp\/v2\/comments?post=7788"}],"version-history":[{"count":9,"href":"https:\/\/pellisarafols.com\/es\/wp-json\/wp\/v2\/pages\/7788\/revisions"}],"predecessor-version":[{"id":8028,"href":"https:\/\/pellisarafols.com\/es\/wp-json\/wp\/v2\/pages\/7788\/revisions\/8028"}],"wp:attachment":[{"href":"https:\/\/pellisarafols.com\/es\/wp-json\/wp\/v2\/media?parent=7788"}],"curies":[{"name":"wp","href":"https:\/\/api.w.org\/{rel}","templated":true}]}}