{"id":8255,"date":"2025-11-12T09:07:21","date_gmt":"2025-11-12T07:07:21","guid":{"rendered":"https:\/\/pellisarafols.com\/politica-de-calidad"},"modified":"2025-11-14T12:33:58","modified_gmt":"2025-11-14T10:33:58","slug":"politica-de-calidad","status":"publish","type":"page","link":"https:\/\/pellisarafols.com\/es\/politica-de-calidad","title":{"rendered":"Pol\u00edtica de calidad"},"content":{"rendered":"\n<p>Pellisa R\u00e0fols SL, empresa dedicada al dise\u00f1o, fabricaci\u00f3n e instalaci\u00f3n de r\u00f3tulos de imagen corporativa, planchister\u00eda y pintura de veh\u00edculos, somos conscientes de la importancia de priorizar conceptos de calidad en nuestra actividad para alcanzar la excelencia y eficiencia en nuestros servicios.<\/p>\n\n<p>La gerencia de la empresa impulsa una pol\u00edtica de calidad, fundamentada en la implantaci\u00f3n y mantenimiento de un <strong>Sistema de Gesti\u00f3n de la Calidad seg\u00fan la Norma UNE\/EN\/ISO 9001<\/strong>. Al mismo tiempo, asume el compromiso de revisarla permanentemente para asegurar su adecuaci\u00f3n y la mejora continua de los procesos y servicios.<br\/>La Pol\u00edtica de Calidad de Pellisa R\u00e0fols, persigue:<\/p>\n\n<ul class=\"wp-block-list\">\n<li>Cumplir la misi\u00f3n: Ofrecer siempre la soluci\u00f3n que mejor se adapta a las necesidades de nuestros clientes, trabajando con los mejores materiales y acabados del mercado y disponiendo de la mejor tecnolog\u00eda del sector para seguir ampliando la tipolog\u00eda de producto y servicio que demanda el cliente.<\/li>\n\n\n\n<li>Alcanzar la visi\u00f3n: Consolidarnos como empresa l\u00edder en el sector de la rotulaci\u00f3n en la comarca del Alt Pened\u00e8s y crecimiento del negocio en todo el territorio catal\u00e1n.<\/li>\n<\/ul>\n\n<p>Por ello establecemos como objetivos prioritarios la mejora continua del servicio y el producto que ofrecemos a nuestros clientes y el crecimiento del negocio a partir de ampliar nuestra red comercial y de colaboradores para llegar a nuevos clientes y consolidar los existentes.<\/p>\n\n<p>La Gerencia adquiere el compromiso de mejorar de manera continua, proporcionando todos los medios materiales y humanos necesarios para cumplir con esta pol\u00edtica y cumplir con los requisitos aplicables a la organizaci\u00f3n.<\/p>\n\n<p><strong>Pellisa R\u00e0fols S.L.<\/strong>, obtiene la certificaci\u00f3n en <strong>ISO 9001:2015<\/strong>, hecho que avala el esfuerzo continuado por mejorar la calidad de nuestros productos y el compromiso de satisfacer las necesidades de nuestros clientes.<\/p>\n\n<div class=\"wp-block-buttons is-layout-flex wp-block-buttons-is-layout-flex\">\n<div class=\"wp-block-button\"><a class=\"wp-block-button__link wp-element-button\" href=\"https:\/\/pellisarafols.com\/wp-content\/uploads\/2025\/11\/19111287BUPPELLISARAFOLSSLESPANOL1763112783.pdf\" target=\"_blank\" rel=\"noreferrer noopener\">Descarga el certificado<\/a><\/div>\n<\/div>\n","protected":false},"excerpt":{"rendered":"<p>Pellisa R\u00e0fols SL, empresa dedicada al dise\u00f1o, fabricaci\u00f3n e instalaci\u00f3n de r\u00f3tulos de imagen corporativa, planchister\u00eda y pintura de veh\u00edculos, somos conscientes de la importancia de priorizar conceptos de calidad en nuestra actividad para alcanzar la excelencia y eficiencia en nuestros servicios. La gerencia de la empresa impulsa una pol\u00edtica de calidad, fundamentada en la [&hellip;]<\/p>\n","protected":false},"author":1,"featured_media":0,"parent":0,"menu_order":0,"comment_status":"closed","ping_status":"closed","template":"","meta":{"_et_pb_use_builder":"off","_et_pb_old_content":"","_et_gb_content_width":"","footnotes":""},"class_list":["post-8255","page","type-page","status-publish","hentry"],"_links":{"self":[{"href":"https:\/\/pellisarafols.com\/es\/wp-json\/wp\/v2\/pages\/8255","targetHints":{"allow":["GET"]}}],"collection":[{"href":"https:\/\/pellisarafols.com\/es\/wp-json\/wp\/v2\/pages"}],"about":[{"href":"https:\/\/pellisarafols.com\/es\/wp-json\/wp\/v2\/types\/page"}],"author":[{"embeddable":true,"href":"https:\/\/pellisarafols.com\/es\/wp-json\/wp\/v2\/users\/1"}],"replies":[{"embeddable":true,"href":"https:\/\/pellisarafols.com\/es\/wp-json\/wp\/v2\/comments?post=8255"}],"version-history":[{"count":2,"href":"https:\/\/pellisarafols.com\/es\/wp-json\/wp\/v2\/pages\/8255\/revisions"}],"predecessor-version":[{"id":8269,"href":"https:\/\/pellisarafols.com\/es\/wp-json\/wp\/v2\/pages\/8255\/revisions\/8269"}],"wp:attachment":[{"href":"https:\/\/pellisarafols.com\/es\/wp-json\/wp\/v2\/media?parent=8255"}],"curies":[{"name":"wp","href":"https:\/\/api.w.org\/{rel}","templated":true}]}}